{"id":3419,"date":"2025-01-11T18:00:48","date_gmt":"2025-01-11T18:00:48","guid":{"rendered":"https:\/\/creedexperience.com\/?page_id=3419"},"modified":"2026-02-03T23:47:23","modified_gmt":"2026-02-03T23:47:23","slug":"legal","status":"publish","type":"page","link":"https:\/\/creedexperience.com\/es\/legal\/","title":{"rendered":"Aviso legal"},"content":{"rendered":"<style>.elementor-3419 .elementor-element.elementor-element-5854f30 > .elementor-container{max-width:1200px;min-height:666px;}.elementor-3419 .elementor-element.elementor-element-5854f30:not(.elementor-motion-effects-element-type-background), .elementor-3419 .elementor-element.elementor-element-5854f30 > .elementor-motion-effects-container > .elementor-motion-effects-layer{background-image:url(\"https:\/\/creedexperience.com\/wp-content\/uploads\/2025\/01\/CAN-DAURADA.avif\");background-position:center center;background-repeat:no-repeat;background-size:cover;}.elementor-3419 .elementor-element.elementor-element-5854f30 > .elementor-background-overlay{background-color:transparent;background-image:linear-gradient(180deg, #211B174D 100%, #00000000 71%);opacity:1;transition:background 0.3s, border-radius 0.3s, opacity 0.3s;}.elementor-3419 .elementor-element.elementor-element-5854f30{transition:background 0.3s, border 0.3s, border-radius 0.3s, box-shadow 0.3s;margin-top:0px;margin-bottom:0px;padding:0px 0px 0px 0px;}.elementor-bc-flex-widget .elementor-3419 .elementor-element.elementor-element-5b59cd1.elementor-column .elementor-widget-wrap{align-items:center;}.elementor-3419 .elementor-element.elementor-element-5b59cd1.elementor-column.elementor-element[data-element_type=\"column\"] > .elementor-widget-wrap.elementor-element-populated{align-content:center;align-items:center;}.elementor-3419 .elementor-element.elementor-element-5b59cd1.elementor-column > .elementor-widget-wrap{justify-content:center;}.elementor-3419 .elementor-element.elementor-element-044f500{text-align:center;}.elementor-3419 .elementor-element.elementor-element-044f500 .elementor-heading-title{font-family:\"futura-pt\", Sans-serif;font-size:86px;font-weight:400;text-transform:uppercase;line-height:1.3em;letter-spacing:1.2px;text-shadow:0px 0px 10px rgba(0,0,0,0.3);color:#FFFFFF;}.elementor-3419 .elementor-element.elementor-element-044f500 > .elementor-widget-container{margin:0px 0px 0px 0px;}.elementor-3419 .elementor-element.elementor-element-92a31ae{font-family:\"futura-light-2\", Sans-serif;font-size:19px;}.elementor-3419 .elementor-element.elementor-element-92a31ae > .elementor-widget-container{padding:80px 40px 80px 40px;}:root{--page-title-display:none;}@media(max-width:1024px) and (min-width:768px){.elementor-3419 .elementor-element.elementor-element-5b59cd1{width:100%;}}@media(max-width:1024px){.elementor-3419 .elementor-element.elementor-element-5854f30 > .elementor-container{min-height:202px;}.elementor-3419 .elementor-element.elementor-element-5854f30{padding:320px 10px 80px 10px;}.elementor-3419 .elementor-element.elementor-element-044f500 .elementor-heading-title{font-size:50px;}.elementor-3419 .elementor-element.elementor-element-044f500 > .elementor-widget-container{margin:0px 0px 0px 0px;}}@media(max-width:767px){.elementor-3419 .elementor-element.elementor-element-5854f30 > .elementor-container{min-height:500px;}.elementor-3419 .elementor-element.elementor-element-5854f30{margin-top:0px;margin-bottom:0px;padding:0px 0px 0px 0px;z-index:1;}.elementor-3419 .elementor-element.elementor-element-044f500{text-align:center;}.elementor-3419 .elementor-element.elementor-element-044f500 .elementor-heading-title{font-size:36px;}.elementor-3419 .elementor-element.elementor-element-044f500 > .elementor-widget-container{margin:0px 0px 0px 0px;}.elementor-3419 .elementor-element.elementor-element-92a31ae > .elementor-widget-container{padding:20px 20px 20px 20px;}}\/* Start Custom Fonts CSS *\/@font-face {\n\tfont-family: 'futura-pt';\n\tfont-display: auto;\n\tsrc: url('https:\/\/creedexperience.com\/wp-content\/uploads\/2025\/02\/FuturaCyrillicBook.ttf') format('truetype');\n}\n\/* End Custom Fonts CSS *\/\n\/* Start Custom Fonts CSS *\/@font-face {\n\tfont-family: 'futura-light-2';\n\tfont-display: auto;\n\tsrc: url('https:\/\/creedexperience.com\/wp-content\/uploads\/2025\/02\/FuturaPTLight.ttf') format('truetype');\n}\n\/* End Custom Fonts CSS *\/<\/style>\t\t<div data-elementor-type=\"wp-page\" data-elementor-id=\"3419\" class=\"elementor elementor-3419\" data-elementor-post-type=\"page\">\n\t\t\t\t\t\t<section class=\"elementor-section elementor-top-section elementor-element elementor-element-5854f30 elementor-section-height-min-height elementor-section-boxed elementor-section-height-default elementor-section-items-middle\" data-id=\"5854f30\" data-element_type=\"section\" data-e-type=\"section\" data-settings=\"{&quot;background_background&quot;:&quot;classic&quot;}\">\n\t\t\t\t\t\t\t<div class=\"elementor-background-overlay\"><\/div>\n\t\t\t\t\t\t\t<div class=\"elementor-container elementor-column-gap-default\">\n\t\t\t\t\t<div class=\"elementor-column elementor-col-100 elementor-top-column elementor-element elementor-element-5b59cd1\" data-id=\"5b59cd1\" data-element_type=\"column\" data-e-type=\"column\">\n\t\t\t<div class=\"elementor-widget-wrap elementor-element-populated\">\n\t\t\t\t\t\t<div class=\"elementor-element elementor-element-044f500 elementor-invisible elementor-widget elementor-widget-heading\" data-id=\"044f500\" data-element_type=\"widget\" data-e-type=\"widget\" data-settings=\"{&quot;_animation&quot;:&quot;fadeInLeft&quot;,&quot;_animation_delay&quot;:200}\" data-widget_type=\"heading.default\">\n\t\t\t\t<div class=\"elementor-widget-container\">\n\t\t\t\t\t<h1 class=\"elementor-heading-title elementor-size-default\">Aviso legal<\/h1>\t\t\t\t<\/div>\n\t\t\t\t<\/div>\n\t\t\t\t\t<\/div>\n\t\t<\/div>\n\t\t\t\t\t<\/div>\n\t\t<\/section>\n\t\t\t\t<section class=\"elementor-section elementor-top-section elementor-element elementor-element-f753b7b elementor-section-boxed elementor-section-height-default elementor-section-height-default\" data-id=\"f753b7b\" data-element_type=\"section\" data-e-type=\"section\">\n\t\t\t\t\t\t<div class=\"elementor-container elementor-column-gap-default\">\n\t\t\t\t\t<div class=\"elementor-column elementor-col-100 elementor-top-column elementor-element elementor-element-e2c829b\" data-id=\"e2c829b\" data-element_type=\"column\" data-e-type=\"column\">\n\t\t\t<div class=\"elementor-widget-wrap elementor-element-populated\">\n\t\t\t\t\t\t<div class=\"elementor-element elementor-element-92a31ae elementor-widget elementor-widget-text-editor\" data-id=\"92a31ae\" data-element_type=\"widget\" data-e-type=\"widget\" data-widget_type=\"text-editor.default\">\n\t\t\t\t<div class=\"elementor-widget-container\">\n\t\t\t\t\t\t\t\t\t<p>This website is a safe space. creedexperience.com respects the privacy of its users and has adapted this portal to Law 34\/2002, of July 11, on Information Society Services and Electronic Commerce (LSSI)<\/p><p>Por ello, le informamos de lo siguiente:<\/p><p>Company name: Creed Experience<br \/>Direcci\u00f3n: Espa\u00f1a<br \/>CIF\/ NIF: Falta a\u00f1adir<br \/>Tel\u00e9fono: +376 377 459<br \/>Correo electr\u00f3nico MG7VIPSERVICES@GMAIL.COM<br \/>Actividad: Alquiler de villas y gesti\u00f3n de embarcaciones<br \/>Finalidad del sitio web: Promoci\u00f3n de (Falta a\u00f1adir)<\/p><p>Este sitio web cumple con el GDPR (Reglamento UE 2016\/679 de protecci\u00f3n de datos) y con la LSSI-CE (Ley 34\/2002, de 11 de julio, de Servicios de la Sociedad de la Informaci\u00f3n y Comercio Electr\u00f3nico).<\/p><h4><strong>General conditions of the portal creedexperience.com<\/strong><\/h4><p>Las presentes Condiciones Generales regulan el uso (incluyendo el mero acceso) de las p\u00e1ginas de web integrantes del sitio web doctorapierinaferreyra.com incluidos los contenidos y servicios puestos a disposici\u00f3n en ellas.<\/p><p>Toda persona que acceda al portal mg7agency.com (\"Usuario\") acepta someterse a las Condiciones Generales vigentes en cada momento en que acceda al portal.<\/p><p>En todo caso, mg7agency.com se reserva la facultad de modificar, en cualquier momento, y sin aviso previo, la presentaci\u00f3n y configuraci\u00f3n del portal, as\u00ed como las presentes Condiciones Generales o las correspondientes Condiciones Particulares.<\/p><h4><strong>Use of the portal creedexperience.com<\/strong><\/h4><p>Usted acepta que:<\/p><p>S\u00f3lo puede utilizar el sitio web para realizar consultas o solicitudes legalmente v\u00e1lidas.<br \/>No podr\u00e1 realizar solicitudes especulativas, falsas o fraudulentas. Si tenemos motivos razonables para creer que se ha realizado una solicitud de esta naturaleza, estaremos autorizados a anularla e informar a las autoridades pertinentes.<br \/>Tambi\u00e9n acepta proporcionarnos su direcci\u00f3n de correo electr\u00f3nico, direcci\u00f3n postal y\/u otra informaci\u00f3n de contacto de forma veraz y correcta y acepta que podamos utilizar esta informaci\u00f3n para ponernos en contacto con usted si es necesario (consulte nuestra Declaraci\u00f3n de privacidad).<br \/>If you do not provide us with all the information we require, we will not be able to process your request. This legal notice (hereinafter, the \u201cLegal Notice\u201d) regulates the use of the website: creedexperience.com<\/p><h4><strong>Data protection of creedexperience.com<\/strong><\/h4><p>creedexperience.com is committed to respecting the confidentiality of the data included in the file and to using it in accordance with its purpose, as well as to comply with its obligation to store it and to take all measures to prevent unauthorized alteration, loss, processing or access, in accordance with the provisions of Royal Decree 1720\/2007 of December 21, which approves the Regulations for the development of Organic Law 15\/1999 of December 13, on the Protection of Personal Data.<\/p><p>creedexperience.com will never share data of the users of the website with third parties unless the users have been previously informed and we have their express authorization.<\/p><p>Likewise, the User has access at all times to his\/her private profile and can modify, edit or delete the information provided, as well as manage his\/her withdrawal directly, or by sending a request to creedexperience.com<\/p><h4><strong>Personal data collected and managed by the creedexperience.com portal<\/strong><\/h4><p>Su informaci\u00f3n est\u00e1 protegida de acuerdo con nuestra pol\u00edtica de privacidad y condiciones de servicio.<\/p><p>Lo entiendes y lo aceptas:<\/p><p>From the moment you provide us with your data through the contact form, creedexperience.com has access to: your name and email address.<\/p><p>The user has, according to article 5 d) of the Organic Law on Personal Data Protection, the right to access, rectify, cancel and oppose. You may exercise these rights by sending an email to creedexperience.com from the same address you used to register.<\/p><p>Cada vez que reciba un correo electr\u00f3nico, el usuario tendr\u00e1 la posibilidad de ejercer sus derechos de cancelaci\u00f3n y rectificaci\u00f3n haciendo clic en los enlaces que encontrar\u00e1 al final del correo electr\u00f3nico.<\/p><h4><strong>Uso y acceso de los usuarios<\/strong><\/h4><p>The User is informed and accepts that access to this website does not in any way constitute the beginning of a commercial relationship with creedexperience.com<\/p><p>De este modo, el usuario se compromete a utilizar el sitio web, sus servicios y contenidos sin contravenir la legislaci\u00f3n vigente, la buena fe y el orden p\u00fablico. Queda prohibido el uso del sitio web con fines il\u00edcitos o lesivos o que, de cualquier forma, puedan causar perjuicio o impedir el normal funcionamiento del sitio web. En relaci\u00f3n con el contenido de este sitio, se proh\u00edbe lo siguiente:<\/p><p>Su reproducci\u00f3n, distribuci\u00f3n o modificaci\u00f3n, total o parcial, a menos que se cuente con la autorizaci\u00f3n de sus leg\u00edtimos titulares;<br \/>Cualquier violaci\u00f3n de los derechos del proveedor o de los leg\u00edtimos titulares;<br \/>Su utilizaci\u00f3n con fines comerciales o publicitarios.<\/p><h4><strong>Derechos de propiedad intelectual e industrial<\/strong><\/h4><p>These General Conditions do not transfer any intellectual or industrial property rights over the portal creedexperience.com or any of its constituent elements, and the User is expressly prohibited from reproducing, transforming, distributing, publicly communicating, making available to the public, extracting, reusing, forwarding or using any of them in any way, by any means or procedure, except in cases where it is legally permitted or authorized by the owner of the corresponding rights.<\/p><p>El usuario conoce y acepta que la totalidad del sitio web, incluyendo sin car\u00e1cter limitativo el texto, software, contenidos (incluyendo estructura, selecci\u00f3n, ordenaci\u00f3n y presentaci\u00f3n de los mismos) fotograf\u00edas, material audiovisual y gr\u00e1ficos, est\u00e1 protegido por marcas, derechos de autor y otros derechos leg\u00edtimos registrados, de acuerdo con los tratados internacionales en los que Espa\u00f1a es parte y otros derechos de propiedad y leyes de Espa\u00f1a.<\/p><h4><strong>Enlaces<\/strong><\/h4><p>The pages of the portal creedexperience.com provide links to other websites and content that are the property of third parties such as social networks for sharing content. The sole purpose of the links is to provide the User with the possibility of accessing said links, although creedexperience.com does not offer or market, either by itself or through third parties, the information, content and services available on the linked sites, nor does it approve, supervise or control in any way the content and services and any material of any nature existing on them.<\/p><p>creedexperience.com is not responsible in any case for the results that may be derived by the User from accessing said links.<\/p><p>The User who intends to establish any technical link device from his website to the portal must obtain the prior written authorization of creedexperience.com. The establishment of the link does not imply in any case the existence of relations between creedexperience.com and the owner of the site on which the link is established, nor the acceptance or approval by tusitioweb.com of its contents or services.<\/p><h4><strong>Exclusi\u00f3n de garant\u00edas y de responsabilidad<\/strong><\/h4><p>creedexperience.com does not provide any guarantee nor is it responsible, in any case, for damages of any kind that may be caused by:<\/p><p>La falta disponibilidad, mantenimiento y efectivo funcionamiento del sitio web o de sus servicios y contenidos;<br \/>La existencia de virus, programas maliciosos o da\u00f1inos en los contenidos;<br \/>El uso il\u00edcito, negligente, fraudulento o contrario al presente Aviso Legal;<br \/>La falta de licitud, calidad, fiabilidad, utilidad y disponibilidad de los servicios prestados por terceros y puestos a disposici\u00f3n de los usuarios en el sitio web.<br \/>El proveedor no se hace responsable bajo ning\u00fan concepto de los da\u00f1os que pudieran dimanar del uso ilegal o indebido de este sitio web.<\/p><h4><strong>Legislaci\u00f3n<\/strong><\/h4><p>In general, the relations between creedexperience.com and the Users of its telematic services, present on this website, are subject to Spanish legislation and jurisdiction.<\/p><h4><strong>Direcciones de contacto<\/strong><\/h4><p>Si cualquier Usuario tuviese alguna duda acerca de estas Condiciones Generales o cualquier comentario sobre el portal doctorapierinaferreyra.com, por favor dir\u00edjase a MG7VIPSERVICES@GMAIL.COM<\/p>\t\t\t\t\t\t\t\t<\/div>\n\t\t\t\t<\/div>\n\t\t\t\t\t<\/div>\n\t\t<\/div>\n\t\t\t\t\t<\/div>\n\t\t<\/section>\n\t\t\t\t<\/div>","protected":false},"excerpt":{"rendered":"<p>Legal Notice This website is a safe space. creedexperience.com respects the privacy of its users and has adapted this portal to Law 34\/2002, of July 11, on Information Society Services and Electronic Commerce (LSSI) For this reason we inform you of the following: Company name: Creed ExperienceAddress: SpainCIF\/ NIF: Missing to addTelephone: +376 377 459Email: [&hellip;]<\/p>","protected":false},"author":3,"featured_media":0,"parent":0,"menu_order":0,"comment_status":"closed","ping_status":"closed","template":"","meta":{"_uag_custom_page_level_css":"","footnotes":""},"class_list":["post-3419","page","type-page","status-publish","hentry"],"_hostinger_reach_plugin_has_subscription_block":false,"_hostinger_reach_plugin_is_elementor":false,"uagb_featured_image_src":{"full":false,"thumbnail":false,"medium":false,"medium_large":false,"large":false,"1536x1536":false,"2048x2048":false,"trp-custom-language-flag":false},"uagb_author_info":{"display_name":"Luis","author_link":"https:\/\/creedexperience.com\/es\/author\/eduardo-diaz\/"},"uagb_comment_info":0,"uagb_excerpt":"Legal Notice This website is a safe space. creedexperience.com respects the privacy of its users and has adapted this portal to Law 34\/2002, of July 11, on Information Society Services and Electronic Commerce (LSSI) For this reason we inform you of the following: Company name: Creed ExperienceAddress: SpainCIF\/ NIF: Missing to addTelephone: +376 377 459Email:&hellip;","_links":{"self":[{"href":"https:\/\/creedexperience.com\/es\/wp-json\/wp\/v2\/pages\/3419","targetHints":{"allow":["GET"]}}],"collection":[{"href":"https:\/\/creedexperience.com\/es\/wp-json\/wp\/v2\/pages"}],"about":[{"href":"https:\/\/creedexperience.com\/es\/wp-json\/wp\/v2\/types\/page"}],"author":[{"embeddable":true,"href":"https:\/\/creedexperience.com\/es\/wp-json\/wp\/v2\/users\/3"}],"replies":[{"embeddable":true,"href":"https:\/\/creedexperience.com\/es\/wp-json\/wp\/v2\/comments?post=3419"}],"version-history":[{"count":63,"href":"https:\/\/creedexperience.com\/es\/wp-json\/wp\/v2\/pages\/3419\/revisions"}],"predecessor-version":[{"id":8730,"href":"https:\/\/creedexperience.com\/es\/wp-json\/wp\/v2\/pages\/3419\/revisions\/8730"}],"wp:attachment":[{"href":"https:\/\/creedexperience.com\/es\/wp-json\/wp\/v2\/media?parent=3419"}],"curies":[{"name":"wp","href":"https:\/\/api.w.org\/{rel}","templated":true}]}}