{"id":3446,"date":"2025-01-11T18:51:24","date_gmt":"2025-01-11T18:51:24","guid":{"rendered":"https:\/\/creedexperience.com\/?page_id=3446"},"modified":"2026-02-03T23:51:34","modified_gmt":"2026-02-03T23:51:34","slug":"privacy-policy","status":"publish","type":"page","link":"https:\/\/creedexperience.com\/es\/privacy-policy\/","title":{"rendered":"Pol\u00edtica de privacidad"},"content":{"rendered":"<style>.elementor-3446 .elementor-element.elementor-element-a5b5523 > .elementor-container{max-width:1200px;min-height:666px;}.elementor-3446 .elementor-element.elementor-element-a5b5523:not(.elementor-motion-effects-element-type-background), .elementor-3446 .elementor-element.elementor-element-a5b5523 > .elementor-motion-effects-container > .elementor-motion-effects-layer{background-image:url(\"https:\/\/creedexperience.com\/wp-content\/uploads\/2025\/01\/VILLA-CRYSTAL.png\");background-position:center center;background-repeat:no-repeat;background-size:cover;}.elementor-3446 .elementor-element.elementor-element-a5b5523 > .elementor-background-overlay{background-color:transparent;background-image:linear-gradient(180deg, #211B174D 100%, #00000000 71%);opacity:1;transition:background 0.3s, border-radius 0.3s, opacity 0.3s;}.elementor-3446 .elementor-element.elementor-element-a5b5523{transition:background 0.3s, border 0.3s, border-radius 0.3s, box-shadow 0.3s;margin-top:0px;margin-bottom:0px;padding:0px 0px 0px 0px;}.elementor-bc-flex-widget .elementor-3446 .elementor-element.elementor-element-9e92992.elementor-column .elementor-widget-wrap{align-items:center;}.elementor-3446 .elementor-element.elementor-element-9e92992.elementor-column.elementor-element[data-element_type=\"column\"] > .elementor-widget-wrap.elementor-element-populated{align-content:center;align-items:center;}.elementor-3446 .elementor-element.elementor-element-9e92992.elementor-column > .elementor-widget-wrap{justify-content:center;}.elementor-3446 .elementor-element.elementor-element-cc0545e{text-align:center;}.elementor-3446 .elementor-element.elementor-element-cc0545e .elementor-heading-title{font-family:\"futura-pt\", Sans-serif;font-size:86px;font-weight:400;text-transform:uppercase;line-height:1.3em;letter-spacing:1.2px;text-shadow:0px 0px 10px rgba(0,0,0,0.3);color:#FFFFFF;}.elementor-3446 .elementor-element.elementor-element-cc0545e > .elementor-widget-container{margin:0px 0px 0px 0px;}.elementor-3446 .elementor-element.elementor-element-961e600{font-family:\"futura-light-2\", Sans-serif;font-size:19px;}.elementor-3446 .elementor-element.elementor-element-961e600 > .elementor-widget-container{padding:80px 40px 80px 40px;}:root{--page-title-display:none;}@media(max-width:1024px) and (min-width:768px){.elementor-3446 .elementor-element.elementor-element-9e92992{width:100%;}}@media(max-width:1024px){.elementor-3446 .elementor-element.elementor-element-a5b5523 > .elementor-container{min-height:202px;}.elementor-3446 .elementor-element.elementor-element-a5b5523{padding:320px 10px 80px 10px;}.elementor-3446 .elementor-element.elementor-element-cc0545e .elementor-heading-title{font-size:50px;}.elementor-3446 .elementor-element.elementor-element-cc0545e > .elementor-widget-container{margin:0px 0px 0px 0px;}}@media(max-width:767px){.elementor-3446 .elementor-element.elementor-element-a5b5523 > .elementor-container{min-height:500px;}.elementor-3446 .elementor-element.elementor-element-a5b5523{margin-top:0px;margin-bottom:0px;padding:0px 0px 0px 0px;z-index:1;}.elementor-3446 .elementor-element.elementor-element-cc0545e{text-align:center;}.elementor-3446 .elementor-element.elementor-element-cc0545e .elementor-heading-title{font-size:36px;}.elementor-3446 .elementor-element.elementor-element-cc0545e > .elementor-widget-container{margin:0px 0px 0px 0px;}.elementor-3446 .elementor-element.elementor-element-961e600 > .elementor-widget-container{padding:20px 20px 20px 20px;}}\/* Start Custom Fonts CSS *\/@font-face {\n\tfont-family: 'futura-pt';\n\tfont-display: auto;\n\tsrc: url('https:\/\/creedexperience.com\/wp-content\/uploads\/2025\/02\/FuturaCyrillicBook.ttf') format('truetype');\n}\n\/* End Custom Fonts CSS *\/\n\/* Start Custom Fonts CSS *\/@font-face {\n\tfont-family: 'futura-light-2';\n\tfont-display: auto;\n\tsrc: url('https:\/\/creedexperience.com\/wp-content\/uploads\/2025\/02\/FuturaPTLight.ttf') format('truetype');\n}\n\/* End Custom Fonts CSS *\/<\/style>\t\t<div data-elementor-type=\"wp-page\" data-elementor-id=\"3446\" class=\"elementor elementor-3446\" data-elementor-post-type=\"page\">\n\t\t\t\t\t\t<section class=\"elementor-section elementor-top-section elementor-element elementor-element-a5b5523 elementor-section-height-min-height elementor-section-boxed elementor-section-height-default elementor-section-items-middle\" data-id=\"a5b5523\" data-element_type=\"section\" data-e-type=\"section\" data-settings=\"{&quot;background_background&quot;:&quot;classic&quot;}\">\n\t\t\t\t\t\t\t<div class=\"elementor-background-overlay\"><\/div>\n\t\t\t\t\t\t\t<div class=\"elementor-container elementor-column-gap-default\">\n\t\t\t\t\t<div class=\"elementor-column elementor-col-100 elementor-top-column elementor-element elementor-element-9e92992\" data-id=\"9e92992\" data-element_type=\"column\" data-e-type=\"column\">\n\t\t\t<div class=\"elementor-widget-wrap elementor-element-populated\">\n\t\t\t\t\t\t<div class=\"elementor-element elementor-element-cc0545e elementor-invisible elementor-widget elementor-widget-heading\" data-id=\"cc0545e\" data-element_type=\"widget\" data-e-type=\"widget\" data-settings=\"{&quot;_animation&quot;:&quot;fadeInLeft&quot;,&quot;_animation_delay&quot;:200}\" data-widget_type=\"heading.default\">\n\t\t\t\t<div class=\"elementor-widget-container\">\n\t\t\t\t\t<h1 class=\"elementor-heading-title elementor-size-default\">Pol\u00edtica de privacidad<\/h1>\t\t\t\t<\/div>\n\t\t\t\t<\/div>\n\t\t\t\t\t<\/div>\n\t\t<\/div>\n\t\t\t\t\t<\/div>\n\t\t<\/section>\n\t\t\t\t<section class=\"elementor-section elementor-top-section elementor-element elementor-element-c22bd95 elementor-section-boxed elementor-section-height-default elementor-section-height-default\" data-id=\"c22bd95\" data-element_type=\"section\" data-e-type=\"section\">\n\t\t\t\t\t\t<div class=\"elementor-container elementor-column-gap-default\">\n\t\t\t\t\t<div class=\"elementor-column elementor-col-100 elementor-top-column elementor-element elementor-element-5096d12\" data-id=\"5096d12\" data-element_type=\"column\" data-e-type=\"column\">\n\t\t\t<div class=\"elementor-widget-wrap elementor-element-populated\">\n\t\t\t\t\t\t<div class=\"elementor-element elementor-element-961e600 elementor-widget elementor-widget-text-editor\" data-id=\"961e600\" data-element_type=\"widget\" data-e-type=\"widget\" data-widget_type=\"text-editor.default\">\n\t\t\t\t<div class=\"elementor-widget-container\">\n\t\t\t\t\t\t\t\t\t<h3><strong>Pol\u00edtica de privacidad<\/strong><\/h3><p>En este documento le informamos de las razones por las que recogemos sus datos personales, qu\u00e9 hacemos con ellos, qu\u00e9 derechos le asisten y c\u00f3mo puede ejercerlos.<\/p><h4><strong>Responsable de sus datos personales.<\/strong><\/h4><p>Identity: Creed Experience<\/p><p>Direcci\u00f3n: Espa\u00f1a<\/p><p>Tel\u00e9fono: +376 377 459<\/p><p>Correo electr\u00f3nico MG7VIPSERVICES@GMAIL.COM<\/p><h4><strong>\u00bfPor qu\u00e9 recogemos sus datos personales?<\/strong><\/h4><p>At creedexperience.com we collect and process the information you provide us with in order to respond to the questions you ask us through our contact and comment forms, and to send you information that may be of interest to you through our communication channels.<\/p><p>Conservaremos dicha informaci\u00f3n mientras usted no solicite que la borremos.<\/p><h4><strong>\u00bfCu\u00e1les son las bases jur\u00eddicas para el tratamiento de sus datos?<\/strong><\/h4><p>Las bases jur\u00eddicas para el tratamiento de sus datos son las siguientes:<\/p><p>Ejecuci\u00f3n del contrato de suscripci\u00f3n, para enviarle informaci\u00f3n que pueda ser de su inter\u00e9s a trav\u00e9s de nuestros canales de comunicaci\u00f3n.<\/p><p>Obteniendo su consentimiento, para responder a las preguntas que nos haga a trav\u00e9s de nuestros formularios de contacto y comentarios.<\/p><p>Recuerda que no est\u00e1s obligado a darnos tu consentimiento para el tratamiento de tus datos, pero si no lo haces, mg7agency.com no podr\u00e1 enviarte informaci\u00f3n que pueda ser de tu inter\u00e9s a trav\u00e9s de nuestros canales de comunicaci\u00f3n.<\/p><h4><strong>\u00bfA qui\u00e9n pueden comunicarse sus datos personales?<\/strong><\/h4><p>Con el fin de poder ofrecerle servicios de mayor calidad y cumplir con nuestras obligaciones fiscales, le informamos de que los datos que nos facilite podr\u00e1n ser transferidos a:<\/p><p>Siteground con domicilio social en C\/Serrano 1, 5\u00ba, responsable de proporcionar el alojamiento y dominio de este sitio web.<\/p><p>Google LLC, responsable de la recopilaci\u00f3n de datos anal\u00edticos para este sitio web y sujeta al acuerdo EU-US Privacy Shield.<\/p><h4><strong>\u00bfQu\u00e9 derechos tiene sobre sus datos?<\/strong><\/h4><p>Estos son los derechos que puede ejercer sobre sus datos personales:<\/p><p>Derecho a solicitar el acceso a sus datos personales.<\/p><p>Derecho a solicitar la rectificaci\u00f3n o supresi\u00f3n.<\/p><p>Derecho a solicitar la limitaci\u00f3n del tratamiento.<\/p><p>Derecho a oponerse al tratamiento.<\/p><p>Para ejercer sus derechos, mencionados anteriormente, puede enviarnos un correo electr\u00f3nico a MG7VIPSERVICES@GMAIL.COM indicando en el asunto \"PROTECCI\u00d3N DE DATOS\" incluyendo una fotocopia de su DNI u otro documento identificativo equivalente.<\/p><h4><strong>\u00bfPuedo retirar mi consentimiento?<\/strong><\/h4><p>Usted tiene derecho a retirar el consentimiento para cualquier finalidad espec\u00edfica otorgado en su momento, sin que ello afecte a la legalidad del tratamiento basado en el consentimiento previo a su retirada.<\/p><h4><strong>\u00bfD\u00f3nde puedo reclamar si considero que mis datos no se est\u00e1n tratando correctamente?<\/strong><\/h4><p>Si considera que sus datos no est\u00e1n siendo tratados correctamente, puede dirigir sus reclamaciones al correo electr\u00f3nico MG7VIPSERVICES@GMAIL.COM o a la Agencia Espa\u00f1ola de Protecci\u00f3n de Datos (AEPD).<\/p><h4><strong>Seguridad y actualizaci\u00f3n de sus datos personales<\/strong><\/h4><p>Para garantizar la seguridad de sus datos de car\u00e1cter personal, le informamos que en espanolo.com hemos adoptado todas las medidas de \u00edndole t\u00e9cnica y organizativa necesarias para garantizar la seguridad de sus datos de car\u00e1cter personal. Con el fin de evitar su alteraci\u00f3n, p\u00e9rdida o acceso no autorizado, tal y como exige la ley, entendiendo que la seguridad absoluta no existe.<\/p><p>Con el fin de mantener actualizados sus datos personales, le rogamos que nos informe si se produce alg\u00fan cambio en los mismos.<\/p>\t\t\t\t\t\t\t\t<\/div>\n\t\t\t\t<\/div>\n\t\t\t\t\t<\/div>\n\t\t<\/div>\n\t\t\t\t\t<\/div>\n\t\t<\/section>\n\t\t\t\t<\/div>","protected":false},"excerpt":{"rendered":"<p>Privacy Policy Privacy Policy In this document we inform you of the reasons why we collect your personal data, what we do with said data, what rights you have and how you can exercise them. Responsible for your personal data. Identity: Creed Experience Address: Spain Phone: +376 377 459 E-mail: MG7VIPSERVICES@GMAIL.COM Why do we collect [&hellip;]<\/p>","protected":false},"author":3,"featured_media":0,"parent":0,"menu_order":0,"comment_status":"closed","ping_status":"closed","template":"","meta":{"_uag_custom_page_level_css":"","footnotes":""},"class_list":["post-3446","page","type-page","status-publish","hentry"],"_hostinger_reach_plugin_has_subscription_block":false,"_hostinger_reach_plugin_is_elementor":false,"uagb_featured_image_src":{"full":false,"thumbnail":false,"medium":false,"medium_large":false,"large":false,"1536x1536":false,"2048x2048":false,"trp-custom-language-flag":false},"uagb_author_info":{"display_name":"Luis","author_link":"https:\/\/creedexperience.com\/es\/author\/eduardo-diaz\/"},"uagb_comment_info":0,"uagb_excerpt":"Privacy Policy Privacy Policy In this document we inform you of the reasons why we collect your personal data, what we do with said data, what rights you have and how you can exercise them. Responsible for your personal data. Identity: Creed Experience Address: Spain Phone: +376 377 459 E-mail: MG7VIPSERVICES@GMAIL.COM Why do we collect&hellip;","_links":{"self":[{"href":"https:\/\/creedexperience.com\/es\/wp-json\/wp\/v2\/pages\/3446","targetHints":{"allow":["GET"]}}],"collection":[{"href":"https:\/\/creedexperience.com\/es\/wp-json\/wp\/v2\/pages"}],"about":[{"href":"https:\/\/creedexperience.com\/es\/wp-json\/wp\/v2\/types\/page"}],"author":[{"embeddable":true,"href":"https:\/\/creedexperience.com\/es\/wp-json\/wp\/v2\/users\/3"}],"replies":[{"embeddable":true,"href":"https:\/\/creedexperience.com\/es\/wp-json\/wp\/v2\/comments?post=3446"}],"version-history":[{"count":39,"href":"https:\/\/creedexperience.com\/es\/wp-json\/wp\/v2\/pages\/3446\/revisions"}],"predecessor-version":[{"id":8733,"href":"https:\/\/creedexperience.com\/es\/wp-json\/wp\/v2\/pages\/3446\/revisions\/8733"}],"wp:attachment":[{"href":"https:\/\/creedexperience.com\/es\/wp-json\/wp\/v2\/media?parent=3446"}],"curies":[{"name":"wp","href":"https:\/\/api.w.org\/{rel}","templated":true}]}}