{"id":3467,"date":"2025-01-11T19:04:01","date_gmt":"2025-01-11T19:04:01","guid":{"rendered":"https:\/\/creedexperience.com\/?page_id=3467"},"modified":"2026-02-03T23:54:45","modified_gmt":"2026-02-03T23:54:45","slug":"cookie-policy","status":"publish","type":"page","link":"https:\/\/creedexperience.com\/es\/cookie-policy\/","title":{"rendered":"Pol\u00edtica de cookies"},"content":{"rendered":"<style>.elementor-3467 .elementor-element.elementor-element-b55f445 > .elementor-container{max-width:1200px;min-height:666px;}.elementor-3467 .elementor-element.elementor-element-b55f445:not(.elementor-motion-effects-element-type-background), .elementor-3467 .elementor-element.elementor-element-b55f445 > .elementor-motion-effects-container > .elementor-motion-effects-layer{background-image:url(\"https:\/\/creedexperience.com\/wp-content\/uploads\/2025\/01\/VILLA-PASSION.png\");background-position:center center;background-repeat:no-repeat;background-size:cover;}.elementor-3467 .elementor-element.elementor-element-b55f445 > .elementor-background-overlay{background-color:transparent;background-image:linear-gradient(180deg, #211B174D 100%, #00000000 71%);opacity:1;transition:background 0.3s, border-radius 0.3s, opacity 0.3s;}.elementor-3467 .elementor-element.elementor-element-b55f445{transition:background 0.3s, border 0.3s, border-radius 0.3s, box-shadow 0.3s;margin-top:0px;margin-bottom:0px;padding:0px 0px 0px 0px;}.elementor-bc-flex-widget .elementor-3467 .elementor-element.elementor-element-c633efa.elementor-column .elementor-widget-wrap{align-items:center;}.elementor-3467 .elementor-element.elementor-element-c633efa.elementor-column.elementor-element[data-element_type=\"column\"] > .elementor-widget-wrap.elementor-element-populated{align-content:center;align-items:center;}.elementor-3467 .elementor-element.elementor-element-c633efa.elementor-column > .elementor-widget-wrap{justify-content:center;}.elementor-3467 .elementor-element.elementor-element-c5509f6{text-align:center;}.elementor-3467 .elementor-element.elementor-element-c5509f6 .elementor-heading-title{font-family:\"futura-pt\", Sans-serif;font-size:86px;font-weight:400;text-transform:uppercase;line-height:1.3em;letter-spacing:1.2px;text-shadow:0px 0px 10px rgba(0,0,0,0.3);color:#FFFFFF;}.elementor-3467 .elementor-element.elementor-element-c5509f6 > .elementor-widget-container{margin:0px 0px 0px 0px;}.elementor-3467 .elementor-element.elementor-element-4b31eea{font-family:\"futura-light-2\", Sans-serif;font-size:19px;}.elementor-3467 .elementor-element.elementor-element-4b31eea > .elementor-widget-container{padding:80px 40px 80px 40px;}:root{--page-title-display:none;}@media(max-width:1024px) and (min-width:768px){.elementor-3467 .elementor-element.elementor-element-c633efa{width:100%;}}@media(max-width:1024px){.elementor-3467 .elementor-element.elementor-element-b55f445 > .elementor-container{min-height:202px;}.elementor-3467 .elementor-element.elementor-element-b55f445{padding:320px 10px 80px 10px;}.elementor-3467 .elementor-element.elementor-element-c5509f6 .elementor-heading-title{font-size:50px;}.elementor-3467 .elementor-element.elementor-element-c5509f6 > .elementor-widget-container{margin:0px 0px 0px 0px;}}@media(max-width:767px){.elementor-3467 .elementor-element.elementor-element-b55f445 > .elementor-container{min-height:500px;}.elementor-3467 .elementor-element.elementor-element-b55f445{margin-top:0px;margin-bottom:0px;padding:0px 0px 0px 0px;z-index:1;}.elementor-3467 .elementor-element.elementor-element-c5509f6{text-align:center;}.elementor-3467 .elementor-element.elementor-element-c5509f6 .elementor-heading-title{font-size:36px;}.elementor-3467 .elementor-element.elementor-element-c5509f6 > .elementor-widget-container{margin:0px 0px 0px 0px;}.elementor-3467 .elementor-element.elementor-element-4b31eea > .elementor-widget-container{padding:20px 20px 20px 20px;}}\/* Start Custom Fonts CSS *\/@font-face {\n\tfont-family: 'futura-pt';\n\tfont-display: auto;\n\tsrc: url('https:\/\/creedexperience.com\/wp-content\/uploads\/2025\/02\/FuturaCyrillicBook.ttf') format('truetype');\n}\n\/* End Custom Fonts CSS *\/\n\/* Start Custom Fonts CSS *\/@font-face {\n\tfont-family: 'futura-light-2';\n\tfont-display: auto;\n\tsrc: url('https:\/\/creedexperience.com\/wp-content\/uploads\/2025\/02\/FuturaPTLight.ttf') format('truetype');\n}\n\/* End Custom Fonts CSS *\/<\/style>\t\t<div data-elementor-type=\"wp-page\" data-elementor-id=\"3467\" class=\"elementor elementor-3467\" data-elementor-post-type=\"page\">\n\t\t\t\t\t\t<section class=\"elementor-section elementor-top-section elementor-element elementor-element-b55f445 elementor-section-height-min-height elementor-section-boxed elementor-section-height-default elementor-section-items-middle\" data-id=\"b55f445\" data-element_type=\"section\" data-e-type=\"section\" data-settings=\"{&quot;background_background&quot;:&quot;classic&quot;}\">\n\t\t\t\t\t\t\t<div class=\"elementor-background-overlay\"><\/div>\n\t\t\t\t\t\t\t<div class=\"elementor-container elementor-column-gap-default\">\n\t\t\t\t\t<div class=\"elementor-column elementor-col-100 elementor-top-column elementor-element elementor-element-c633efa\" data-id=\"c633efa\" data-element_type=\"column\" data-e-type=\"column\">\n\t\t\t<div class=\"elementor-widget-wrap elementor-element-populated\">\n\t\t\t\t\t\t<div class=\"elementor-element elementor-element-c5509f6 elementor-invisible elementor-widget elementor-widget-heading\" data-id=\"c5509f6\" data-element_type=\"widget\" data-e-type=\"widget\" data-settings=\"{&quot;_animation&quot;:&quot;fadeInLeft&quot;,&quot;_animation_delay&quot;:200}\" data-widget_type=\"heading.default\">\n\t\t\t\t<div class=\"elementor-widget-container\">\n\t\t\t\t\t<h1 class=\"elementor-heading-title elementor-size-default\">Pol\u00edtica de cookies<\/h1>\t\t\t\t<\/div>\n\t\t\t\t<\/div>\n\t\t\t\t\t<\/div>\n\t\t<\/div>\n\t\t\t\t\t<\/div>\n\t\t<\/section>\n\t\t\t\t<section class=\"elementor-section elementor-top-section elementor-element elementor-element-c5d9aec elementor-section-boxed elementor-section-height-default elementor-section-height-default\" data-id=\"c5d9aec\" data-element_type=\"section\" data-e-type=\"section\">\n\t\t\t\t\t\t<div class=\"elementor-container elementor-column-gap-default\">\n\t\t\t\t\t<div class=\"elementor-column elementor-col-100 elementor-top-column elementor-element elementor-element-dc2c8eb\" data-id=\"dc2c8eb\" data-element_type=\"column\" data-e-type=\"column\">\n\t\t\t<div class=\"elementor-widget-wrap elementor-element-populated\">\n\t\t\t\t\t\t<div class=\"elementor-element elementor-element-4b31eea elementor-widget elementor-widget-text-editor\" data-id=\"4b31eea\" data-element_type=\"widget\" data-e-type=\"widget\" data-widget_type=\"text-editor.default\">\n\t\t\t\t<div class=\"elementor-widget-container\">\n\t\t\t\t\t\t\t\t\t<p>Para ofrecerle un servicio m\u00e1s personalizado y eficaz, necesitamos recordar y almacenar informaci\u00f3n sobre c\u00f3mo utiliza este sitio. Para ello, utilizamos peque\u00f1os archivos de texto denominados cookies. Las cookies contienen peque\u00f1as cantidades de informaci\u00f3n y son colocadas en su ordenador u otro dispositivo por un servidor web. Una vez descargadas, su navegador env\u00eda estas cookies al sitio web en cada visita posterior para que pueda reconocerle y recordar datos como sus preferencias de usuario.<\/p><p>Es posible que se recopile informaci\u00f3n cada vez que acceda a este sitio web mediante el uso de cookies y otras tecnolog\u00edas. Al utilizar este sitio, usted acepta el uso que hacemos de las cookies tal como se describe en este texto.<\/p><h4><strong>\u00bfQu\u00e9 cookies utilizamos y por qu\u00e9?<\/strong><\/h4><p>Algunas de las cookies que utilizamos son necesarias para permitirle navegar por el sitio web y utilizar sus funciones, como el acceso a zonas seguras y contenidos para usuarios registrados.<\/p><p>Tambi\u00e9n utilizamos cookies funcionales para registrar informaci\u00f3n sobre las elecciones que hace al entrar en nuestro sitio web y personalizarlo para los visitantes. Por ejemplo, para recordar su idioma o regi\u00f3n de origen, o para saber si ha completado una encuesta. Por lo general, esta informaci\u00f3n se almacena con todos los datos de identificaci\u00f3n personal eliminados y no se utiliza para ning\u00fan otro fin.<\/p><p>Nosotros, o nuestros proveedores de servicios, tambi\u00e9n utilizamos servicios de an\u00e1lisis para ayudarnos a comprender la eficacia de nuestros contenidos o los intereses de nuestros usuarios, as\u00ed como para mejorar el rendimiento del sitio web. Adem\u00e1s, utilizamos balizas web o p\u00edxeles de seguimiento para contar el n\u00famero de visitas, as\u00ed como cookies de rendimiento para saber cu\u00e1ntos usuarios acceden a nuestro sitio web y con qu\u00e9 frecuencia. Esta informaci\u00f3n se utiliza \u00fanicamente con fines estad\u00edsticos y no pretendemos utilizarla para identificar personalmente a los usuarios. Sin embargo, si se ha registrado y ha iniciado sesi\u00f3n en nuestro sitio web, podemos combinar esta informaci\u00f3n con la obtenida a trav\u00e9s de cookies y servicios anal\u00edticos de nuestro sitio web para analizar con m\u00e1s detalle c\u00f3mo utiliza el sitio.<\/p><p>Este sitio no utiliza cookies de segmentaci\u00f3n ni cookies publicitarias, que son cookies que nos permiten ofrecer publicidad personalizada a los visitantes del sitio web.<\/p><p>P\u00f3ngase en contacto con nosotros para obtener informaci\u00f3n m\u00e1s detallada sobre c\u00f3mo utilizamos las cookies.<\/p><h4><strong>C\u00f3mo controlar las cookies<\/strong><\/h4><p>Al utilizar este sitio web, usted acepta que coloquemos cookies en su ordenador o dispositivo, como se ha explicado anteriormente. Sin embargo, puede controlar y gestionar las cookies de varias maneras. Tenga en cuenta que eliminar o bloquear las cookies afecta a su experiencia de usuario y es posible que algunas partes del sitio dejen de ser plenamente accesibles.<\/p><h4><strong>Controles del navegador<\/strong><\/h4><p>La mayor\u00eda de los navegadores le permiten ver qu\u00e9 cookies tiene y eliminarlas individualmente, o bloquear las cookies de un sitio web concreto o de todos los sitios web. Tenga en cuenta que todas las preferencias que haya establecido se perder\u00e1n si elimina todas las cookies, incluidas las preferencias para eliminar cookies, ya que para ello es necesario configurar una cookie de exclusi\u00f3n. Para m\u00e1s informaci\u00f3n sobre c\u00f3mo modificar la configuraci\u00f3n de su navegador para bloquear o filtrar cookies, consulte Aboutcookies.org o Cookiecentral.com.<\/p><h4><strong>Botones sociales<\/strong><\/h4><p>Utilizamos botones sociales para que nuestros usuarios puedan compartir p\u00e1ginas web o marcarlas como favoritas. Estos botones son para sitios web externos de medios sociales. Estos sitios pueden registrar informaci\u00f3n sobre sus actividades en Internet, incluido nuestro sitio web. Puede consultar las condiciones de uso y las pol\u00edticas de privacidad de estos sitios web para saber exactamente c\u00f3mo utilizan la informaci\u00f3n y averiguar c\u00f3mo puede borrarla o eliminarla.<\/p><h4><strong>Servicios web externos<\/strong><\/h4><p>A veces utilizamos servicios web externos para mostrar contenidos en nuestras p\u00e1ginas web. Por ejemplo, para mostrar im\u00e1genes o v\u00eddeos, o para realizar encuestas. Al igual que ocurre con los botones sociales, no podemos impedir que estos sitios, o dominios externos, recopilen informaci\u00f3n sobre el uso de este contenido incrustado.<br \/>Communications via email<\/p><p>Los usuarios registrados pueden actualizar sus preferencias de comunicaci\u00f3n en cualquier momento poni\u00e9ndose en contacto con nosotros, o pueden darse de baja siguiendo las instrucciones incluidas en nuestras comunicaciones por correo electr\u00f3nico.<\/p>\t\t\t\t\t\t\t\t<\/div>\n\t\t\t\t<\/div>\n\t\t\t\t\t<\/div>\n\t\t<\/div>\n\t\t\t\t\t<\/div>\n\t\t<\/section>\n\t\t\t\t<\/div>","protected":false},"excerpt":{"rendered":"<p>Cookie Policy In order to provide you with a more personalized and efficient service, we need to remember and store information about how you use this site. This can be done by using small text files called cookies. Cookies contain small amounts of information and are placed on your computer or another device by a [&hellip;]<\/p>","protected":false},"author":3,"featured_media":0,"parent":0,"menu_order":0,"comment_status":"closed","ping_status":"closed","template":"","meta":{"_uag_custom_page_level_css":"","footnotes":""},"class_list":["post-3467","page","type-page","status-publish","hentry"],"_hostinger_reach_plugin_has_subscription_block":false,"_hostinger_reach_plugin_is_elementor":false,"uagb_featured_image_src":{"full":false,"thumbnail":false,"medium":false,"medium_large":false,"large":false,"1536x1536":false,"2048x2048":false,"trp-custom-language-flag":false},"uagb_author_info":{"display_name":"Luis","author_link":"https:\/\/creedexperience.com\/es\/author\/eduardo-diaz\/"},"uagb_comment_info":0,"uagb_excerpt":"Cookie Policy In order to provide you with a more personalized and efficient service, we need to remember and store information about how you use this site. This can be done by using small text files called cookies. Cookies contain small amounts of information and are placed on your computer or another device by a&hellip;","_links":{"self":[{"href":"https:\/\/creedexperience.com\/es\/wp-json\/wp\/v2\/pages\/3467","targetHints":{"allow":["GET"]}}],"collection":[{"href":"https:\/\/creedexperience.com\/es\/wp-json\/wp\/v2\/pages"}],"about":[{"href":"https:\/\/creedexperience.com\/es\/wp-json\/wp\/v2\/types\/page"}],"author":[{"embeddable":true,"href":"https:\/\/creedexperience.com\/es\/wp-json\/wp\/v2\/users\/3"}],"replies":[{"embeddable":true,"href":"https:\/\/creedexperience.com\/es\/wp-json\/wp\/v2\/comments?post=3467"}],"version-history":[{"count":25,"href":"https:\/\/creedexperience.com\/es\/wp-json\/wp\/v2\/pages\/3467\/revisions"}],"predecessor-version":[{"id":8736,"href":"https:\/\/creedexperience.com\/es\/wp-json\/wp\/v2\/pages\/3467\/revisions\/8736"}],"wp:attachment":[{"href":"https:\/\/creedexperience.com\/es\/wp-json\/wp\/v2\/media?parent=3467"}],"curies":[{"name":"wp","href":"https:\/\/api.w.org\/{rel}","templated":true}]}}